{"id":116,"date":"2023-09-05T22:15:21","date_gmt":"2023-09-05T20:15:21","guid":{"rendered":"https:\/\/fundacjaleonardo.pl\/?page_id=116"},"modified":"2023-09-05T22:19:27","modified_gmt":"2023-09-05T20:19:27","slug":"zarzad-fundacji","status":"publish","type":"page","link":"https:\/\/fundacjaleonardo.pl\/?page_id=116","title":{"rendered":"Zarz\u0105d Fundacji"},"content":{"rendered":"\t\t<div data-elementor-type=\"wp-page\" data-elementor-id=\"116\" class=\"elementor elementor-116\">\n\t\t\t\t\t\t<section class=\"elementor-section elementor-top-section elementor-element elementor-element-e1207bf elementor-section-boxed elementor-section-height-default elementor-section-height-default\" data-id=\"e1207bf\" data-element_type=\"section\">\n\t\t\t\t\t\t<div class=\"elementor-container elementor-column-gap-default\">\n\t\t\t\t\t<div class=\"elementor-column elementor-col-100 elementor-top-column elementor-element elementor-element-5fd11eb\" data-id=\"5fd11eb\" data-element_type=\"column\">\n\t\t\t<div class=\"elementor-widget-wrap elementor-element-populated\">\n\t\t\t\t\t\t<div class=\"elementor-element elementor-element-5795fd1 elementor-widget elementor-widget-heading\" data-id=\"5795fd1\" data-element_type=\"widget\" data-widget_type=\"heading.default\">\n\t\t\t\t<div class=\"elementor-widget-container\">\n\t\t\t<h2 class=\"elementor-heading-title elementor-size-default\">Zarz\u0105d Fundacji Leonardo<\/h2>\t\t<\/div>\n\t\t\t\t<\/div>\n\t\t\t\t\t<\/div>\n\t\t<\/div>\n\t\t\t\t\t<\/div>\n\t\t<\/section>\n\t\t\t\t<section class=\"elementor-section elementor-top-section elementor-element elementor-element-1626918 elementor-section-boxed elementor-section-height-default elementor-section-height-default\" data-id=\"1626918\" data-element_type=\"section\">\n\t\t\t\t\t\t<div class=\"elementor-container elementor-column-gap-default\">\n\t\t\t\t\t<div class=\"elementor-column elementor-col-33 elementor-top-column elementor-element elementor-element-114ec6a\" data-id=\"114ec6a\" data-element_type=\"column\">\n\t\t\t<div class=\"elementor-widget-wrap elementor-element-populated\">\n\t\t\t\t\t\t<div class=\"elementor-element elementor-element-b29b6d2 elementor-widget elementor-widget-image\" data-id=\"b29b6d2\" data-element_type=\"widget\" data-widget_type=\"image.default\">\n\t\t\t\t<div class=\"elementor-widget-container\">\n\t\t\t\t\t\t\t\t\t\t\t\t\t<img fetchpriority=\"high\" decoding=\"async\" width=\"725\" height=\"1024\" src=\"https:\/\/fundacjaleonardo.pl\/wp-content\/uploads\/2023\/09\/acz-725x1024.jpg\" class=\"attachment-large size-large wp-image-126\" alt=\"\" srcset=\"https:\/\/fundacjaleonardo.pl\/wp-content\/uploads\/2023\/09\/acz-725x1024.jpg 725w, https:\/\/fundacjaleonardo.pl\/wp-content\/uploads\/2023\/09\/acz-213x300.jpg 213w, https:\/\/fundacjaleonardo.pl\/wp-content\/uploads\/2023\/09\/acz-768x1084.jpg 768w, https:\/\/fundacjaleonardo.pl\/wp-content\/uploads\/2023\/09\/acz-1088x1536.jpg 1088w, https:\/\/fundacjaleonardo.pl\/wp-content\/uploads\/2023\/09\/acz-1451x2048.jpg 1451w, https:\/\/fundacjaleonardo.pl\/wp-content\/uploads\/2023\/09\/acz.jpg 1523w\" sizes=\"(max-width: 725px) 100vw, 725px\" \/>\t\t\t\t\t\t\t\t\t\t\t\t\t<\/div>\n\t\t\t\t<\/div>\n\t\t\t\t\t<\/div>\n\t\t<\/div>\n\t\t\t\t<div class=\"elementor-column elementor-col-33 elementor-top-column elementor-element elementor-element-dce290b\" data-id=\"dce290b\" data-element_type=\"column\">\n\t\t\t<div class=\"elementor-widget-wrap elementor-element-populated\">\n\t\t\t\t\t\t<div class=\"elementor-element elementor-element-f7b48de elementor-widget elementor-widget-heading\" data-id=\"f7b48de\" data-element_type=\"widget\" data-widget_type=\"heading.default\">\n\t\t\t\t<div class=\"elementor-widget-container\">\n\t\t\t<h2 class=\"elementor-heading-title elementor-size-default\"><br><br><br><br>Anna Czapli\u0144ska<br>Prezes Zarz\u0105du<\/h2>\t\t<\/div>\n\t\t\t\t<\/div>\n\t\t\t\t\t<\/div>\n\t\t<\/div>\n\t\t\t\t<div class=\"elementor-column elementor-col-33 elementor-top-column elementor-element elementor-element-e2f26f7\" data-id=\"e2f26f7\" data-element_type=\"column\">\n\t\t\t<div class=\"elementor-widget-wrap\">\n\t\t\t\t\t\t\t<\/div>\n\t\t<\/div>\n\t\t\t\t\t<\/div>\n\t\t<\/section>\n\t\t\t\t<section class=\"elementor-section elementor-top-section elementor-element elementor-element-0c616a1 elementor-section-boxed elementor-section-height-default elementor-section-height-default\" data-id=\"0c616a1\" data-element_type=\"section\">\n\t\t\t\t\t\t<div class=\"elementor-container elementor-column-gap-default\">\n\t\t\t\t\t<div class=\"elementor-column elementor-col-33 elementor-top-column elementor-element elementor-element-ff47776\" data-id=\"ff47776\" data-element_type=\"column\">\n\t\t\t<div class=\"elementor-widget-wrap elementor-element-populated\">\n\t\t\t\t\t\t<div class=\"elementor-element elementor-element-8039255 elementor-widget__width-initial elementor-widget elementor-widget-image\" data-id=\"8039255\" data-element_type=\"widget\" data-widget_type=\"image.default\">\n\t\t\t\t<div class=\"elementor-widget-container\">\n\t\t\t\t\t\t\t\t\t\t\t\t\t<img decoding=\"async\" width=\"769\" height=\"1024\" src=\"https:\/\/fundacjaleonardo.pl\/wp-content\/uploads\/2023\/09\/bk-769x1024.jpg\" class=\"attachment-large size-large wp-image-127\" alt=\"\" srcset=\"https:\/\/fundacjaleonardo.pl\/wp-content\/uploads\/2023\/09\/bk-769x1024.jpg 769w, https:\/\/fundacjaleonardo.pl\/wp-content\/uploads\/2023\/09\/bk-225x300.jpg 225w, https:\/\/fundacjaleonardo.pl\/wp-content\/uploads\/2023\/09\/bk-768x1023.jpg 768w, https:\/\/fundacjaleonardo.pl\/wp-content\/uploads\/2023\/09\/bk-1153x1536.jpg 1153w, https:\/\/fundacjaleonardo.pl\/wp-content\/uploads\/2023\/09\/bk-1537x2048.jpg 1537w, https:\/\/fundacjaleonardo.pl\/wp-content\/uploads\/2023\/09\/bk-scaled.jpg 1922w\" sizes=\"(max-width: 769px) 100vw, 769px\" \/>\t\t\t\t\t\t\t\t\t\t\t\t\t<\/div>\n\t\t\t\t<\/div>\n\t\t\t\t\t<\/div>\n\t\t<\/div>\n\t\t\t\t<div class=\"elementor-column elementor-col-33 elementor-top-column elementor-element elementor-element-c4e2904\" data-id=\"c4e2904\" data-element_type=\"column\">\n\t\t\t<div class=\"elementor-widget-wrap elementor-element-populated\">\n\t\t\t\t\t\t<div class=\"elementor-element elementor-element-889f047 elementor-widget elementor-widget-heading\" data-id=\"889f047\" data-element_type=\"widget\" data-widget_type=\"heading.default\">\n\t\t\t\t<div class=\"elementor-widget-container\">\n\t\t\t<h2 class=\"elementor-heading-title elementor-size-default\"><br><br><br><br>Beata K\u0119dziora<br>Cz\u0142onek Zarz\u0105du<\/h2>\t\t<\/div>\n\t\t\t\t<\/div>\n\t\t\t\t\t<\/div>\n\t\t<\/div>\n\t\t\t\t<div class=\"elementor-column elementor-col-33 elementor-top-column elementor-element elementor-element-7744db9\" data-id=\"7744db9\" data-element_type=\"column\">\n\t\t\t<div class=\"elementor-widget-wrap\">\n\t\t\t\t\t\t\t<\/div>\n\t\t<\/div>\n\t\t\t\t\t<\/div>\n\t\t<\/section>\n\t\t\t\t<section class=\"elementor-section elementor-top-section elementor-element elementor-element-d0ca231 elementor-section-boxed elementor-section-height-default elementor-section-height-default\" data-id=\"d0ca231\" data-element_type=\"section\">\n\t\t\t\t\t\t<div class=\"elementor-container elementor-column-gap-default\">\n\t\t\t\t\t<div class=\"elementor-column elementor-col-33 elementor-top-column elementor-element elementor-element-4834ba8\" data-id=\"4834ba8\" data-element_type=\"column\">\n\t\t\t<div class=\"elementor-widget-wrap elementor-element-populated\">\n\t\t\t\t\t\t<div class=\"elementor-element elementor-element-5bb33ec elementor-widget elementor-widget-image\" data-id=\"5bb33ec\" data-element_type=\"widget\" data-widget_type=\"image.default\">\n\t\t\t\t<div class=\"elementor-widget-container\">\n\t\t\t\t\t\t\t\t\t\t\t\t\t<img decoding=\"async\" width=\"717\" height=\"1024\" src=\"https:\/\/fundacjaleonardo.pl\/wp-content\/uploads\/2023\/09\/dsz-717x1024.jpg\" class=\"attachment-large size-large wp-image-128\" alt=\"\" srcset=\"https:\/\/fundacjaleonardo.pl\/wp-content\/uploads\/2023\/09\/dsz-717x1024.jpg 717w, https:\/\/fundacjaleonardo.pl\/wp-content\/uploads\/2023\/09\/dsz-210x300.jpg 210w, https:\/\/fundacjaleonardo.pl\/wp-content\/uploads\/2023\/09\/dsz-768x1096.jpg 768w, https:\/\/fundacjaleonardo.pl\/wp-content\/uploads\/2023\/09\/dsz-1076x1536.jpg 1076w, https:\/\/fundacjaleonardo.pl\/wp-content\/uploads\/2023\/09\/dsz-1435x2048.jpg 1435w, https:\/\/fundacjaleonardo.pl\/wp-content\/uploads\/2023\/09\/dsz-scaled.jpg 1793w\" sizes=\"(max-width: 717px) 100vw, 717px\" \/>\t\t\t\t\t\t\t\t\t\t\t\t\t<\/div>\n\t\t\t\t<\/div>\n\t\t\t\t\t<\/div>\n\t\t<\/div>\n\t\t\t\t<div class=\"elementor-column elementor-col-33 elementor-top-column elementor-element elementor-element-1829075\" data-id=\"1829075\" data-element_type=\"column\">\n\t\t\t<div class=\"elementor-widget-wrap elementor-element-populated\">\n\t\t\t\t\t\t<div class=\"elementor-element elementor-element-32b0b28 elementor-widget elementor-widget-heading\" data-id=\"32b0b28\" data-element_type=\"widget\" data-widget_type=\"heading.default\">\n\t\t\t\t<div class=\"elementor-widget-container\">\n\t\t\t<h2 class=\"elementor-heading-title elementor-size-default\"><br><br><br><br>Damian Szwagierczak<br>Cz\u0142onek Zarz\u0105du<\/h2>\t\t<\/div>\n\t\t\t\t<\/div>\n\t\t\t\t\t<\/div>\n\t\t<\/div>\n\t\t\t\t<div class=\"elementor-column elementor-col-33 elementor-top-column elementor-element elementor-element-980fe6d\" data-id=\"980fe6d\" data-element_type=\"column\">\n\t\t\t<div class=\"elementor-widget-wrap\">\n\t\t\t\t\t\t\t<\/div>\n\t\t<\/div>\n\t\t\t\t\t<\/div>\n\t\t<\/section>\n\t\t\t\t<section class=\"elementor-section elementor-top-section elementor-element elementor-element-c76dbb7 elementor-section-boxed elementor-section-height-default elementor-section-height-default\" data-id=\"c76dbb7\" data-element_type=\"section\">\n\t\t\t\t\t\t<div class=\"elementor-container elementor-column-gap-default\">\n\t\t\t\t\t<div class=\"elementor-column elementor-col-100 elementor-top-column elementor-element elementor-element-f9f9581\" data-id=\"f9f9581\" data-element_type=\"column\">\n\t\t\t<div class=\"elementor-widget-wrap elementor-element-populated\">\n\t\t\t\t\t\t<div class=\"elementor-element elementor-element-499fcb0 elementor-widget elementor-widget-heading\" data-id=\"499fcb0\" data-element_type=\"widget\" data-widget_type=\"heading.default\">\n\t\t\t\t<div class=\"elementor-widget-container\">\n\t\t\t<h2 class=\"elementor-heading-title elementor-size-default\">Rada Fundacji Leonardo<\/h2>\t\t<\/div>\n\t\t\t\t<\/div>\n\t\t\t\t\t<\/div>\n\t\t<\/div>\n\t\t\t\t\t<\/div>\n\t\t<\/section>\n\t\t\t\t<section class=\"elementor-section elementor-top-section elementor-element elementor-element-9005a67 elementor-section-boxed elementor-section-height-default elementor-section-height-default\" data-id=\"9005a67\" data-element_type=\"section\">\n\t\t\t\t\t\t<div class=\"elementor-container elementor-column-gap-default\">\n\t\t\t\t\t<div class=\"elementor-column elementor-col-33 elementor-top-column elementor-element elementor-element-42387bf\" data-id=\"42387bf\" data-element_type=\"column\">\n\t\t\t<div class=\"elementor-widget-wrap elementor-element-populated\">\n\t\t\t\t\t\t<div class=\"elementor-element elementor-element-a5de64d elementor-widget elementor-widget-image\" data-id=\"a5de64d\" data-element_type=\"widget\" data-widget_type=\"image.default\">\n\t\t\t\t<div class=\"elementor-widget-container\">\n\t\t\t\t\t\t\t\t\t\t\t\t\t<img loading=\"lazy\" decoding=\"async\" width=\"783\" height=\"1024\" src=\"https:\/\/fundacjaleonardo.pl\/wp-content\/uploads\/2023\/09\/dz-783x1024.jpg\" class=\"attachment-large size-large wp-image-129\" alt=\"\" srcset=\"https:\/\/fundacjaleonardo.pl\/wp-content\/uploads\/2023\/09\/dz-783x1024.jpg 783w, https:\/\/fundacjaleonardo.pl\/wp-content\/uploads\/2023\/09\/dz-229x300.jpg 229w, https:\/\/fundacjaleonardo.pl\/wp-content\/uploads\/2023\/09\/dz-768x1005.jpg 768w, https:\/\/fundacjaleonardo.pl\/wp-content\/uploads\/2023\/09\/dz.jpg 1028w\" sizes=\"(max-width: 783px) 100vw, 783px\" \/>\t\t\t\t\t\t\t\t\t\t\t\t\t<\/div>\n\t\t\t\t<\/div>\n\t\t\t\t\t<\/div>\n\t\t<\/div>\n\t\t\t\t<div class=\"elementor-column elementor-col-33 elementor-top-column elementor-element elementor-element-71e7eb8\" data-id=\"71e7eb8\" data-element_type=\"column\">\n\t\t\t<div class=\"elementor-widget-wrap elementor-element-populated\">\n\t\t\t\t\t\t<div class=\"elementor-element elementor-element-8cb9fb4 elementor-widget elementor-widget-heading\" data-id=\"8cb9fb4\" data-element_type=\"widget\" data-widget_type=\"heading.default\">\n\t\t\t\t<div class=\"elementor-widget-container\">\n\t\t\t<h2 class=\"elementor-heading-title elementor-size-default\"><br><br><br><br>dr Marek \u017bo\u0142dak<\/h2>\t\t<\/div>\n\t\t\t\t<\/div>\n\t\t\t\t\t<\/div>\n\t\t<\/div>\n\t\t\t\t<div class=\"elementor-column elementor-col-33 elementor-top-column elementor-element elementor-element-f468553\" data-id=\"f468553\" data-element_type=\"column\">\n\t\t\t<div class=\"elementor-widget-wrap elementor-element-populated\">\n\t\t\t\t\t\t<div class=\"elementor-element elementor-element-9125554 elementor-widget elementor-widget-text-editor\" data-id=\"9125554\" data-element_type=\"widget\" data-widget_type=\"text-editor.default\">\n\t\t\t\t<div class=\"elementor-widget-container\">\n\t\t\t\t\t\t\t<p style=\"text-align: center;\">\u00a0<\/p><p>\u00a0<\/p><p>P<span style=\"font-style: inherit; font-weight: inherit; font-family: var( --e-global-typography-text-font-family ), Sans-serif; background-color: var(--ast-global-color-5);\">rezes Zarz\u0105du Domu Brokerskiego VECTOR Sp. z o.o. Posiada ponad 20 letnie do\u015bwiadczenie zwi\u0105zane z prac\u0105 na rynku\u00a0ubezpieczeniowym.\u00a0Przez wiele lat zajmowa\u0142 kierownicze\u00a0stanowiska w renomowanych\u00a0towarzystwach ubezpieczeniowych wchodz\u0105cych\u00a0w sk\u0142ad mi\u0119dzynarodowych koncern\u00f3w.\u00a0W okresie studenckim zwi\u0105zany ze \u015brodowiskiem harcerskim skupionym\u00a0wok\u00f3\u0142 Szczepu Knieja z Tarnobrzega.<\/span><\/p>\t\t\t\t\t\t<\/div>\n\t\t\t\t<\/div>\n\t\t\t\t\t<\/div>\n\t\t<\/div>\n\t\t\t\t\t<\/div>\n\t\t<\/section>\n\t\t\t\t<section class=\"elementor-section elementor-top-section elementor-element elementor-element-28a7156 elementor-section-boxed elementor-section-height-default elementor-section-height-default\" data-id=\"28a7156\" data-element_type=\"section\">\n\t\t\t\t\t\t<div class=\"elementor-container elementor-column-gap-default\">\n\t\t\t\t\t<div class=\"elementor-column elementor-col-33 elementor-top-column elementor-element elementor-element-f2926d6\" data-id=\"f2926d6\" data-element_type=\"column\">\n\t\t\t<div class=\"elementor-widget-wrap\">\n\t\t\t\t\t\t\t<\/div>\n\t\t<\/div>\n\t\t\t\t<div class=\"elementor-column elementor-col-33 elementor-top-column elementor-element elementor-element-a352d34\" data-id=\"a352d34\" data-element_type=\"column\">\n\t\t\t<div class=\"elementor-widget-wrap\">\n\t\t\t\t\t\t\t<\/div>\n\t\t<\/div>\n\t\t\t\t<div class=\"elementor-column elementor-col-33 elementor-top-column elementor-element elementor-element-bd73e96\" data-id=\"bd73e96\" data-element_type=\"column\">\n\t\t\t<div class=\"elementor-widget-wrap\">\n\t\t\t\t\t\t\t<\/div>\n\t\t<\/div>\n\t\t\t\t\t<\/div>\n\t\t<\/section>\n\t\t\t\t<section class=\"elementor-section elementor-top-section elementor-element elementor-element-50d5dcc elementor-section-boxed elementor-section-height-default elementor-section-height-default\" data-id=\"50d5dcc\" data-element_type=\"section\">\n\t\t\t\t\t\t<div class=\"elementor-container elementor-column-gap-default\">\n\t\t\t\t\t<div class=\"elementor-column elementor-col-33 elementor-top-column elementor-element elementor-element-14c51d9\" data-id=\"14c51d9\" data-element_type=\"column\">\n\t\t\t<div class=\"elementor-widget-wrap\">\n\t\t\t\t\t\t\t<\/div>\n\t\t<\/div>\n\t\t\t\t<div class=\"elementor-column elementor-col-33 elementor-top-column elementor-element elementor-element-87547b7\" data-id=\"87547b7\" data-element_type=\"column\">\n\t\t\t<div class=\"elementor-widget-wrap\">\n\t\t\t\t\t\t\t<\/div>\n\t\t<\/div>\n\t\t\t\t<div class=\"elementor-column elementor-col-33 elementor-top-column elementor-element elementor-element-05a2e28\" data-id=\"05a2e28\" data-element_type=\"column\">\n\t\t\t<div class=\"elementor-widget-wrap\">\n\t\t\t\t\t\t\t<\/div>\n\t\t<\/div>\n\t\t\t\t\t<\/div>\n\t\t<\/section>\n\t\t\t\t<\/div>\n\t\t","protected":false},"excerpt":{"rendered":"<p>Zarz\u0105d Fundacji Leonardo Anna Czapli\u0144skaPrezes Zarz\u0105du Beata K\u0119dzioraCz\u0142onek Zarz\u0105du Damian SzwagierczakCz\u0142onek Zarz\u0105du Rada Fundacji Leonardo dr Marek \u017bo\u0142dak \u00a0 \u00a0 Prezes Zarz\u0105du Domu Brokerskiego VECTOR Sp. z o.o. Posiada ponad 20 letnie do\u015bwiadczenie zwi\u0105zane z prac\u0105 na rynku\u00a0ubezpieczeniowym.\u00a0Przez wiele lat zajmowa\u0142 kierownicze\u00a0stanowiska w renomowanych\u00a0towarzystwach ubezpieczeniowych wchodz\u0105cych\u00a0w sk\u0142ad mi\u0119dzynarodowych koncern\u00f3w.\u00a0W okresie studenckim zwi\u0105zany ze \u015brodowiskiem harcerskim [&hellip;]<\/p>\n","protected":false},"author":1,"featured_media":0,"parent":0,"menu_order":0,"comment_status":"closed","ping_status":"closed","template":"","meta":{"site-sidebar-layout":"no-sidebar","site-content-layout":"","ast-site-content-layout":"full-width-container","site-content-style":"default","site-sidebar-style":"default","ast-global-header-display":"","ast-banner-title-visibility":"","ast-main-header-display":"","ast-hfb-above-header-display":"","ast-hfb-below-header-display":"","ast-hfb-mobile-header-display":"","site-post-title":"disabled","ast-breadcrumbs-content":"","ast-featured-img":"disabled","footer-sml-layout":"","theme-transparent-header-meta":"","adv-header-id-meta":"","stick-header-meta":"","header-above-stick-meta":"","header-main-stick-meta":"","header-below-stick-meta":"","astra-migrate-meta-layouts":"default","ast-page-background-enabled":"default","ast-page-background-meta":{"desktop":{"background-color":"var(--ast-global-color-4)","background-image":"","background-repeat":"repeat","background-position":"center center","background-size":"auto","background-attachment":"scroll","background-type":"","background-media":"","overlay-type":"","overlay-color":"","overlay-opacity":"","overlay-gradient":""},"tablet":{"background-color":"","background-image":"","background-repeat":"repeat","background-position":"center center","background-size":"auto","background-attachment":"scroll","background-type":"","background-media":"","overlay-type":"","overlay-color":"","overlay-opacity":"","overlay-gradient":""},"mobile":{"background-color":"","background-image":"","background-repeat":"repeat","background-position":"center center","background-size":"auto","background-attachment":"scroll","background-type":"","background-media":"","overlay-type":"","overlay-color":"","overlay-opacity":"","overlay-gradient":""}},"ast-content-background-meta":{"desktop":{"background-color":"var(--ast-global-color-5)","background-image":"","background-repeat":"repeat","background-position":"center center","background-size":"auto","background-attachment":"scroll","background-type":"","background-media":"","overlay-type":"","overlay-color":"","overlay-opacity":"","overlay-gradient":""},"tablet":{"background-color":"var(--ast-global-color-5)","background-image":"","background-repeat":"repeat","background-position":"center center","background-size":"auto","background-attachment":"scroll","background-type":"","background-media":"","overlay-type":"","overlay-color":"","overlay-opacity":"","overlay-gradient":""},"mobile":{"background-color":"var(--ast-global-color-5)","background-image":"","background-repeat":"repeat","background-position":"center center","background-size":"auto","background-attachment":"scroll","background-type":"","background-media":"","overlay-type":"","overlay-color":"","overlay-opacity":"","overlay-gradient":""}},"footnotes":""},"class_list":["post-116","page","type-page","status-publish","hentry"],"_links":{"self":[{"href":"https:\/\/fundacjaleonardo.pl\/index.php?rest_route=\/wp\/v2\/pages\/116","targetHints":{"allow":["GET"]}}],"collection":[{"href":"https:\/\/fundacjaleonardo.pl\/index.php?rest_route=\/wp\/v2\/pages"}],"about":[{"href":"https:\/\/fundacjaleonardo.pl\/index.php?rest_route=\/wp\/v2\/types\/page"}],"author":[{"embeddable":true,"href":"https:\/\/fundacjaleonardo.pl\/index.php?rest_route=\/wp\/v2\/users\/1"}],"replies":[{"embeddable":true,"href":"https:\/\/fundacjaleonardo.pl\/index.php?rest_route=%2Fwp%2Fv2%2Fcomments&post=116"}],"version-history":[{"count":7,"href":"https:\/\/fundacjaleonardo.pl\/index.php?rest_route=\/wp\/v2\/pages\/116\/revisions"}],"predecessor-version":[{"id":135,"href":"https:\/\/fundacjaleonardo.pl\/index.php?rest_route=\/wp\/v2\/pages\/116\/revisions\/135"}],"wp:attachment":[{"href":"https:\/\/fundacjaleonardo.pl\/index.php?rest_route=%2Fwp%2Fv2%2Fmedia&parent=116"}],"curies":[{"name":"wp","href":"https:\/\/api.w.org\/{rel}","templated":true}]}}