{"id":70,"date":"2023-09-04T18:40:11","date_gmt":"2023-09-04T16:40:11","guid":{"rendered":"https:\/\/fundacjaleonardo.pl\/?page_id=70"},"modified":"2025-09-10T22:46:18","modified_gmt":"2025-09-10T20:46:18","slug":"70-2","status":"publish","type":"page","link":"https:\/\/fundacjaleonardo.pl\/?page_id=70","title":{"rendered":"STYPENDIA 2025"},"content":{"rendered":"\t\t<div data-elementor-type=\"wp-page\" data-elementor-id=\"70\" class=\"elementor elementor-70\">\n\t\t\t\t\t\t<section class=\"elementor-section elementor-top-section elementor-element elementor-element-9397e2d elementor-section-boxed elementor-section-height-default elementor-section-height-default\" data-id=\"9397e2d\" data-element_type=\"section\">\n\t\t\t\t\t\t<div class=\"elementor-container elementor-column-gap-default\">\n\t\t\t\t\t<div class=\"elementor-column elementor-col-33 elementor-top-column elementor-element elementor-element-7c1728f\" data-id=\"7c1728f\" data-element_type=\"column\">\n\t\t\t<div class=\"elementor-widget-wrap elementor-element-populated\">\n\t\t\t\t\t\t<div class=\"elementor-element elementor-element-d41c67b elementor-widget elementor-widget-image\" data-id=\"d41c67b\" data-element_type=\"widget\" data-widget_type=\"image.default\">\n\t\t\t\t<div class=\"elementor-widget-container\">\n\t\t\t\t\t\t\t\t\t\t\t\t\t<img fetchpriority=\"high\" decoding=\"async\" width=\"724\" height=\"1024\" src=\"https:\/\/fundacjaleonardo.pl\/wp-content\/uploads\/2025\/09\/STYPENDIA-2025-724x1024.png\" class=\"attachment-large size-large wp-image-263\" alt=\"\" srcset=\"https:\/\/fundacjaleonardo.pl\/wp-content\/uploads\/2025\/09\/STYPENDIA-2025-724x1024.png 724w, https:\/\/fundacjaleonardo.pl\/wp-content\/uploads\/2025\/09\/STYPENDIA-2025-212x300.png 212w, https:\/\/fundacjaleonardo.pl\/wp-content\/uploads\/2025\/09\/STYPENDIA-2025-768x1086.png 768w, https:\/\/fundacjaleonardo.pl\/wp-content\/uploads\/2025\/09\/STYPENDIA-2025-1086x1536.png 1086w, https:\/\/fundacjaleonardo.pl\/wp-content\/uploads\/2025\/09\/STYPENDIA-2025.png 1414w\" sizes=\"(max-width: 724px) 100vw, 724px\" \/>\t\t\t\t\t\t\t\t\t\t\t\t\t<\/div>\n\t\t\t\t<\/div>\n\t\t\t\t\t<\/div>\n\t\t<\/div>\n\t\t\t\t<div class=\"elementor-column elementor-col-33 elementor-top-column elementor-element elementor-element-5a9c79f\" data-id=\"5a9c79f\" data-element_type=\"column\">\n\t\t\t<div class=\"elementor-widget-wrap elementor-element-populated\">\n\t\t\t\t\t\t<div class=\"elementor-element elementor-element-94a67cc elementor-widget elementor-widget-text-editor\" data-id=\"94a67cc\" data-element_type=\"widget\" data-widget_type=\"text-editor.default\">\n\t\t\t\t<div class=\"elementor-widget-container\">\n\t\t\t\t\t\t\t<p class=\"has-text-color\" style=\"color: #000000; font-size: 17px;\"><span style=\"vertical-align: inherit;\"><span style=\"vertical-align: inherit;\"><span style=\"vertical-align: inherit;\"><span style=\"vertical-align: inherit;\"><span style=\"vertical-align: inherit;\"><span style=\"vertical-align: inherit;\"><span style=\"vertical-align: inherit;\"><span style=\"vertical-align: inherit;\"><span style=\"vertical-align: inherit;\"><span style=\"vertical-align: inherit;\"><span dir=\"auto\" style=\"vertical-align: inherit;\"><span dir=\"auto\" style=\"vertical-align: inherit;\"><span dir=\"auto\" style=\"vertical-align: inherit;\"><span dir=\"auto\" style=\"vertical-align: inherit;\">Odno\u015bniki do dokument\u00f3w:<\/span><\/span><\/span><\/span><\/span><\/span><\/span><\/span><\/span><\/span><\/span><\/span><\/span><\/span><\/p><p style=\"text-align: center;\"><strong><a href=\"https:\/\/fundacjaleonardo.pl\/wp-content\/uploads\/2023\/09\/regulamin-stypendium-v.2023.doc\"><span style=\"vertical-align: inherit;\"><span style=\"vertical-align: inherit;\"><span style=\"vertical-align: inherit;\"><span style=\"vertical-align: inherit;\"><span style=\"vertical-align: inherit;\"><span style=\"vertical-align: inherit;\"><span style=\"vertical-align: inherit;\"><span style=\"vertical-align: inherit;\"><span style=\"vertical-align: inherit;\"><span style=\"vertical-align: inherit;\"><span dir=\"auto\" style=\"vertical-align: inherit;\"><span dir=\"auto\" style=\"vertical-align: inherit;\"><span dir=\"auto\" style=\"vertical-align: inherit;\"><span dir=\"auto\" style=\"vertical-align: inherit;\">REGULAMIN<\/span><\/span><\/span><\/span><\/span><\/span><\/span><\/span><\/span><\/span><\/span><\/span><\/span><\/span><\/a><\/strong><\/p><p style=\"text-align: center;\"><strong><a href=\"https:\/\/fundacjaleonardo.pl\/wp-content\/uploads\/2025\/09\/Wzor-wniosku-2025.docx\"><span style=\"vertical-align: inherit;\"><span style=\"vertical-align: inherit;\"><span style=\"vertical-align: inherit;\"><span style=\"vertical-align: inherit;\"><span style=\"vertical-align: inherit;\"><span style=\"vertical-align: inherit;\"><span style=\"vertical-align: inherit;\"><span style=\"vertical-align: inherit;\"><span style=\"vertical-align: inherit;\"><span style=\"vertical-align: inherit;\"><span dir=\"auto\" style=\"vertical-align: inherit;\"><span dir=\"auto\" style=\"vertical-align: inherit;\"><span dir=\"auto\" style=\"vertical-align: inherit;\"><span dir=\"auto\" style=\"vertical-align: inherit;\">WZ\u00d3R WNIOSKU STYPENDYSTY<\/span><\/span><\/span><\/span><\/span><\/span><\/span><\/span><\/span><\/span><\/span><\/span><\/span><\/span><\/a><\/strong><\/p><p style=\"text-align: center;\"><span style=\"vertical-align: inherit;\"><span style=\"vertical-align: inherit;\"><span style=\"vertical-align: inherit;\"><span style=\"vertical-align: inherit;\"><span style=\"vertical-align: inherit;\"><span style=\"vertical-align: inherit;\"><span style=\"vertical-align: inherit;\"><span style=\"vertical-align: inherit;\"><span style=\"vertical-align: inherit;\"><span style=\"vertical-align: inherit;\"><span dir=\"auto\" style=\"vertical-align: inherit;\"><span dir=\"auto\" style=\"vertical-align: inherit;\"><span dir=\"auto\" style=\"vertical-align: inherit;\"><span dir=\"auto\" style=\"vertical-align: inherit;\">Prosimy o zapoznanie si\u0119 z dokumentami przed z\u0142o\u017ceniem wniosku.<\/span><\/span><\/span><\/span><\/span><\/span><\/span><\/span><\/span><\/span><\/span><\/span><\/span><\/span><\/p><h5 style=\"text-align: center;\"><span style=\"color: #008000;\"><b><span dir=\"auto\" style=\"vertical-align: inherit;\"><span dir=\"auto\" style=\"vertical-align: inherit;\"><span dir=\"auto\" style=\"vertical-align: inherit;\"><span dir=\"auto\" style=\"vertical-align: inherit;\">Wnioski sk\u0142adamy do 10 pa\u017adziernika 2025 r. &#8211; podj\u0119cie decyzji o wp\u0142ywie na fundacj\u0119.<\/span><\/span><\/span><\/span><\/b><\/span><\/h5>\t\t\t\t\t\t<\/div>\n\t\t\t\t<\/div>\n\t\t\t\t\t<\/div>\n\t\t<\/div>\n\t\t\t\t<div class=\"elementor-column elementor-col-33 elementor-top-column elementor-element elementor-element-4fd449a\" data-id=\"4fd449a\" data-element_type=\"column\">\n\t\t\t<div class=\"elementor-widget-wrap elementor-element-populated\">\n\t\t\t\t\t\t<div class=\"elementor-element elementor-element-4a952e5 elementor-widget elementor-widget-text-editor\" data-id=\"4a952e5\" data-element_type=\"widget\" data-widget_type=\"text-editor.default\">\n\t\t\t\t<div class=\"elementor-widget-container\">\n\t\t\t\t\t\t\t<div class=\"wp-block-group\" style=\"padding-right: 0; padding-left: 0;\"><h1 style=\"color: #000000; font-size: 16px; text-align: center;\">\u00a0<span style=\"font-style: inherit; font-family: var( --e-global-typography-text-font-family ), Sans-serif; background-color: var(--ast-global-color-5);\"><span style=\"vertical-align: inherit;\"><span style=\"vertical-align: inherit;\"><span style=\"vertical-align: inherit;\"><span style=\"vertical-align: inherit;\"><span style=\"vertical-align: inherit;\"><span style=\"vertical-align: inherit;\"><span dir=\"auto\" style=\"vertical-align: inherit;\"><span dir=\"auto\" style=\"vertical-align: inherit;\">Nab\u00f3r na Stypendia 2025 wystartowa\u0142.<\/span><\/span><\/span><\/span><\/span><\/span><\/span><\/span><\/span><\/h1><div>\u00a0<\/div><div><span style=\"color: #000000; font-style: inherit; font-weight: 600; font-family: var( --e-global-typography-text-font-family ), Sans-serif; background-color: var(--ast-global-color-5);\"><span style=\"vertical-align: inherit;\"><span style=\"vertical-align: inherit;\"><span style=\"vertical-align: inherit;\"><span style=\"vertical-align: inherit;\"><span style=\"vertical-align: inherit;\"><span style=\"vertical-align: inherit;\"><span dir=\"auto\" style=\"vertical-align: inherit;\"><span dir=\"auto\" style=\"vertical-align: inherit;\">Zapraszamy do sk\u0142adania wniosk\u00f3w o przyznanie stypendi\u00f3w w tegorocznej edycji programu stypendialnego Fundacji LEONARDO.<\/span><\/span><\/span><\/span><\/span><\/span><\/span><\/span><\/span><\/div><div>\u00a0<\/div><div><span style=\"color: #000000;\"><b>Przed z\u0142o\u017ceniem dokument\u00f3w bardzo prosimy o zapoznanie si\u0119 z REGULAMINEM &#8211; poprawnie przygotowane wnioski u\u0142atwi\u0105 prace komisji stypendialnej, a tak\u017ce pozwol\u0105 kandydatom na kompletne zaprezentowanie si\u0119, a tym samym pozwoli zwi\u0119kszy\u0107 szanse na uzyskanie stypendium.<\/b><\/span><\/div><\/div><h6>\u00a0<\/h6><h6 class=\"wp-block-heading has-text-color\" style=\"color: #000000; font-size: 16px;\">Kompletne wnioski sk\u0142adamy:<\/h6><ul><li>poczt\u0105 wysy\u0142aj\u0105c na adres: Fundacja LEONARDO ul. 11 Listopada 8a\/2, 39-400 Tarnobrzeg<\/li><li>osobi\u015bcie w biurze Fundacji &#8211; mo\u017cna wrzuci\u0107 do skrzynki pocztowej<\/li><\/ul>\t\t\t\t\t\t<\/div>\n\t\t\t\t<\/div>\n\t\t\t\t\t<\/div>\n\t\t<\/div>\n\t\t\t\t\t<\/div>\n\t\t<\/section>\n\t\t\t\t<section class=\"elementor-section elementor-top-section elementor-element elementor-element-c6640a8 elementor-section-boxed elementor-section-height-default elementor-section-height-default\" data-id=\"c6640a8\" data-element_type=\"section\">\n\t\t\t\t\t\t<div class=\"elementor-container elementor-column-gap-default\">\n\t\t\t\t\t<div class=\"elementor-column elementor-col-100 elementor-top-column elementor-element elementor-element-ebbbdd2\" data-id=\"ebbbdd2\" data-element_type=\"column\">\n\t\t\t<div class=\"elementor-widget-wrap elementor-element-populated\">\n\t\t\t\t\t\t<div class=\"elementor-element elementor-element-7c53aa0 elementor-widget elementor-widget-heading\" data-id=\"7c53aa0\" data-element_type=\"widget\" data-widget_type=\"heading.default\">\n\t\t\t\t<div class=\"elementor-widget-container\">\n\t\t\t<h2 class=\"elementor-heading-title elementor-size-default\">Nasi darczy\u0144cy i sponsorzy<\/h2>\t\t<\/div>\n\t\t\t\t<\/div>\n\t\t\t\t\t<\/div>\n\t\t<\/div>\n\t\t\t\t\t<\/div>\n\t\t<\/section>\n\t\t\t\t<section class=\"elementor-section elementor-top-section elementor-element elementor-element-03f97e7 elementor-section-boxed elementor-section-height-default elementor-section-height-default\" data-id=\"03f97e7\" data-element_type=\"section\">\n\t\t\t\t\t\t<div class=\"elementor-container elementor-column-gap-default\">\n\t\t\t\t\t<div class=\"elementor-column elementor-col-33 elementor-top-column elementor-element elementor-element-3c2ca02\" data-id=\"3c2ca02\" data-element_type=\"column\">\n\t\t\t<div class=\"elementor-widget-wrap elementor-element-populated\">\n\t\t\t\t\t\t<div class=\"elementor-element elementor-element-05c4415 elementor-widget elementor-widget-image\" data-id=\"05c4415\" data-element_type=\"widget\" data-widget_type=\"image.default\">\n\t\t\t\t<div class=\"elementor-widget-container\">\n\t\t\t\t\t\t\t\t\t\t\t\t\t<img decoding=\"async\" width=\"940\" height=\"788\" src=\"https:\/\/fundacjaleonardo.pl\/wp-content\/uploads\/2024\/11\/sponsorzy1.png\" class=\"attachment-large size-large wp-image-247\" alt=\"\" srcset=\"https:\/\/fundacjaleonardo.pl\/wp-content\/uploads\/2024\/11\/sponsorzy1.png 940w, https:\/\/fundacjaleonardo.pl\/wp-content\/uploads\/2024\/11\/sponsorzy1-300x251.png 300w, https:\/\/fundacjaleonardo.pl\/wp-content\/uploads\/2024\/11\/sponsorzy1-768x644.png 768w\" sizes=\"(max-width: 940px) 100vw, 940px\" \/>\t\t\t\t\t\t\t\t\t\t\t\t\t<\/div>\n\t\t\t\t<\/div>\n\t\t\t\t\t<\/div>\n\t\t<\/div>\n\t\t\t\t<div class=\"elementor-column elementor-col-33 elementor-top-column elementor-element elementor-element-9bbe9f2\" data-id=\"9bbe9f2\" data-element_type=\"column\">\n\t\t\t<div class=\"elementor-widget-wrap elementor-element-populated\">\n\t\t\t\t\t\t<div class=\"elementor-element elementor-element-14d1f43 elementor-widget elementor-widget-image\" data-id=\"14d1f43\" data-element_type=\"widget\" data-widget_type=\"image.default\">\n\t\t\t\t<div class=\"elementor-widget-container\">\n\t\t\t\t\t\t\t\t\t\t\t\t\t<img decoding=\"async\" width=\"940\" height=\"788\" src=\"https:\/\/fundacjaleonardo.pl\/wp-content\/uploads\/2024\/11\/sponsorzy2.png\" class=\"attachment-large size-large wp-image-251\" alt=\"\" srcset=\"https:\/\/fundacjaleonardo.pl\/wp-content\/uploads\/2024\/11\/sponsorzy2.png 940w, https:\/\/fundacjaleonardo.pl\/wp-content\/uploads\/2024\/11\/sponsorzy2-300x251.png 300w, https:\/\/fundacjaleonardo.pl\/wp-content\/uploads\/2024\/11\/sponsorzy2-768x644.png 768w\" sizes=\"(max-width: 940px) 100vw, 940px\" \/>\t\t\t\t\t\t\t\t\t\t\t\t\t<\/div>\n\t\t\t\t<\/div>\n\t\t\t\t\t<\/div>\n\t\t<\/div>\n\t\t\t\t<div class=\"elementor-column elementor-col-33 elementor-top-column elementor-element elementor-element-7b4cd96\" data-id=\"7b4cd96\" data-element_type=\"column\">\n\t\t\t<div class=\"elementor-widget-wrap elementor-element-populated\">\n\t\t\t\t\t\t<div class=\"elementor-element elementor-element-4109a97 elementor-widget elementor-widget-image\" data-id=\"4109a97\" data-element_type=\"widget\" data-widget_type=\"image.default\">\n\t\t\t\t<div class=\"elementor-widget-container\">\n\t\t\t\t\t\t\t\t\t\t\t\t\t<img loading=\"lazy\" decoding=\"async\" width=\"1024\" height=\"1024\" src=\"https:\/\/fundacjaleonardo.pl\/wp-content\/uploads\/2025\/09\/SPONSORZY-2025.png\" class=\"attachment-large size-large wp-image-268\" alt=\"\" srcset=\"https:\/\/fundacjaleonardo.pl\/wp-content\/uploads\/2025\/09\/SPONSORZY-2025.png 1024w, https:\/\/fundacjaleonardo.pl\/wp-content\/uploads\/2025\/09\/SPONSORZY-2025-300x300.png 300w, https:\/\/fundacjaleonardo.pl\/wp-content\/uploads\/2025\/09\/SPONSORZY-2025-150x150.png 150w, https:\/\/fundacjaleonardo.pl\/wp-content\/uploads\/2025\/09\/SPONSORZY-2025-768x768.png 768w\" sizes=\"(max-width: 1024px) 100vw, 1024px\" \/>\t\t\t\t\t\t\t\t\t\t\t\t\t<\/div>\n\t\t\t\t<\/div>\n\t\t\t\t\t<\/div>\n\t\t<\/div>\n\t\t\t\t\t<\/div>\n\t\t<\/section>\n\t\t\t\t<\/div>\n\t\t","protected":false},"excerpt":{"rendered":"<p>Odno\u015bniki do dokument\u00f3w: REGULAMIN WZ\u00d3R WNIOSKU STYPENDYSTY Prosimy o zapoznanie si\u0119 z dokumentami przed z\u0142o\u017ceniem wniosku. Wnioski sk\u0142adamy do 10 pa\u017adziernika 2025 r. &#8211; podj\u0119cie decyzji o wp\u0142ywie na fundacj\u0119. \u00a0Nab\u00f3r na Stypendia 2025 wystartowa\u0142. \u00a0Zapraszamy do sk\u0142adania wniosk\u00f3w o przyznanie stypendi\u00f3w w tegorocznej edycji programu stypendialnego Fundacji LEONARDO.\u00a0Przed z\u0142o\u017ceniem dokument\u00f3w bardzo prosimy o zapoznanie [&hellip;]<\/p>\n","protected":false},"author":1,"featured_media":0,"parent":0,"menu_order":0,"comment_status":"closed","ping_status":"closed","template":"","meta":{"site-sidebar-layout":"default","site-content-layout":"","ast-site-content-layout":"","site-content-style":"default","site-sidebar-style":"default","ast-global-header-display":"","ast-banner-title-visibility":"","ast-main-header-display":"","ast-hfb-above-header-display":"","ast-hfb-below-header-display":"","ast-hfb-mobile-header-display":"","site-post-title":"","ast-breadcrumbs-content":"","ast-featured-img":"","footer-sml-layout":"","theme-transparent-header-meta":"","adv-header-id-meta":"","stick-header-meta":"","header-above-stick-meta":"","header-main-stick-meta":"","header-below-stick-meta":"","astra-migrate-meta-layouts":"default","ast-page-background-enabled":"default","ast-page-background-meta":{"desktop":{"background-color":"var(--ast-global-color-4)","background-image":"","background-repeat":"repeat","background-position":"center center","background-size":"auto","background-attachment":"scroll","background-type":"","background-media":"","overlay-type":"","overlay-color":"","overlay-opacity":"","overlay-gradient":""},"tablet":{"background-color":"","background-image":"","background-repeat":"repeat","background-position":"center center","background-size":"auto","background-attachment":"scroll","background-type":"","background-media":"","overlay-type":"","overlay-color":"","overlay-opacity":"","overlay-gradient":""},"mobile":{"background-color":"","background-image":"","background-repeat":"repeat","background-position":"center center","background-size":"auto","background-attachment":"scroll","background-type":"","background-media":"","overlay-type":"","overlay-color":"","overlay-opacity":"","overlay-gradient":""}},"ast-content-background-meta":{"desktop":{"background-color":"var(--ast-global-color-5)","background-image":"","background-repeat":"repeat","background-position":"center center","background-size":"auto","background-attachment":"scroll","background-type":"","background-media":"","overlay-type":"","overlay-color":"","overlay-opacity":"","overlay-gradient":""},"tablet":{"background-color":"var(--ast-global-color-5)","background-image":"","background-repeat":"repeat","background-position":"center center","background-size":"auto","background-attachment":"scroll","background-type":"","background-media":"","overlay-type":"","overlay-color":"","overlay-opacity":"","overlay-gradient":""},"mobile":{"background-color":"var(--ast-global-color-5)","background-image":"","background-repeat":"repeat","background-position":"center center","background-size":"auto","background-attachment":"scroll","background-type":"","background-media":"","overlay-type":"","overlay-color":"","overlay-opacity":"","overlay-gradient":""}},"footnotes":""},"class_list":["post-70","page","type-page","status-publish","hentry"],"_links":{"self":[{"href":"https:\/\/fundacjaleonardo.pl\/index.php?rest_route=\/wp\/v2\/pages\/70","targetHints":{"allow":["GET"]}}],"collection":[{"href":"https:\/\/fundacjaleonardo.pl\/index.php?rest_route=\/wp\/v2\/pages"}],"about":[{"href":"https:\/\/fundacjaleonardo.pl\/index.php?rest_route=\/wp\/v2\/types\/page"}],"author":[{"embeddable":true,"href":"https:\/\/fundacjaleonardo.pl\/index.php?rest_route=\/wp\/v2\/users\/1"}],"replies":[{"embeddable":true,"href":"https:\/\/fundacjaleonardo.pl\/index.php?rest_route=%2Fwp%2Fv2%2Fcomments&post=70"}],"version-history":[{"count":78,"href":"https:\/\/fundacjaleonardo.pl\/index.php?rest_route=\/wp\/v2\/pages\/70\/revisions"}],"predecessor-version":[{"id":281,"href":"https:\/\/fundacjaleonardo.pl\/index.php?rest_route=\/wp\/v2\/pages\/70\/revisions\/281"}],"wp:attachment":[{"href":"https:\/\/fundacjaleonardo.pl\/index.php?rest_route=%2Fwp%2Fv2%2Fmedia&parent=70"}],"curies":[{"name":"wp","href":"https:\/\/api.w.org\/{rel}","templated":true}]}}