{"id":91,"date":"2023-09-04T22:57:48","date_gmt":"2023-09-04T20:57:48","guid":{"rendered":"https:\/\/fundacjaleonardo.pl\/?page_id=91"},"modified":"2025-09-10T22:51:25","modified_gmt":"2025-09-10T20:51:25","slug":"elementor-91","status":"publish","type":"page","link":"https:\/\/fundacjaleonardo.pl\/","title":{"rendered":"START"},"content":{"rendered":"\t\t<div data-elementor-type=\"wp-page\" data-elementor-id=\"91\" class=\"elementor elementor-91\">\n\t\t\t\t\t\t<section class=\"elementor-section elementor-top-section elementor-element elementor-element-c328814 elementor-section-boxed elementor-section-height-default elementor-section-height-default\" data-id=\"c328814\" data-element_type=\"section\">\n\t\t\t\t\t\t<div class=\"elementor-container elementor-column-gap-default\">\n\t\t\t\t\t<div class=\"elementor-column elementor-col-33 elementor-top-column elementor-element elementor-element-b5da103\" data-id=\"b5da103\" data-element_type=\"column\">\n\t\t\t<div class=\"elementor-widget-wrap elementor-element-populated\">\n\t\t\t\t\t\t<div class=\"elementor-element elementor-element-6f385d5 elementor-widget elementor-widget-image\" data-id=\"6f385d5\" data-element_type=\"widget\" data-widget_type=\"image.default\">\n\t\t\t\t<div class=\"elementor-widget-container\">\n\t\t\t\t\t\t\t\t\t\t\t\t\t<img fetchpriority=\"high\" decoding=\"async\" width=\"409\" height=\"633\" src=\"https:\/\/fundacjaleonardo.pl\/wp-content\/uploads\/2023\/09\/Projekt-bez-nazwy-e1693860303505.png\" class=\"attachment-2048x2048 size-2048x2048 wp-image-93\" alt=\"\" srcset=\"https:\/\/fundacjaleonardo.pl\/wp-content\/uploads\/2023\/09\/Projekt-bez-nazwy-e1693860303505.png 409w, https:\/\/fundacjaleonardo.pl\/wp-content\/uploads\/2023\/09\/Projekt-bez-nazwy-e1693860303505-194x300.png 194w\" sizes=\"(max-width: 409px) 100vw, 409px\" \/>\t\t\t\t\t\t\t\t\t\t\t\t\t<\/div>\n\t\t\t\t<\/div>\n\t\t\t\t\t<\/div>\n\t\t<\/div>\n\t\t\t\t<div class=\"elementor-column elementor-col-66 elementor-top-column elementor-element elementor-element-a7a0cfd\" data-id=\"a7a0cfd\" data-element_type=\"column\">\n\t\t\t<div class=\"elementor-widget-wrap elementor-element-populated\">\n\t\t\t\t\t\t<div class=\"elementor-element elementor-element-45e2e27 elementor-widget elementor-widget-image\" data-id=\"45e2e27\" data-element_type=\"widget\" data-widget_type=\"image.default\">\n\t\t\t\t<div class=\"elementor-widget-container\">\n\t\t\t\t\t\t\t\t\t\t\t\t\t<img decoding=\"async\" width=\"1024\" height=\"543\" src=\"https:\/\/fundacjaleonardo.pl\/wp-content\/uploads\/2023\/09\/Leonardo_Fundacja_RGB-1024x543.png\" class=\"attachment-large size-large wp-image-11\" alt=\"\" srcset=\"https:\/\/fundacjaleonardo.pl\/wp-content\/uploads\/2023\/09\/Leonardo_Fundacja_RGB-1024x543.png 1024w, https:\/\/fundacjaleonardo.pl\/wp-content\/uploads\/2023\/09\/Leonardo_Fundacja_RGB-300x159.png 300w, https:\/\/fundacjaleonardo.pl\/wp-content\/uploads\/2023\/09\/Leonardo_Fundacja_RGB-768x407.png 768w, https:\/\/fundacjaleonardo.pl\/wp-content\/uploads\/2023\/09\/Leonardo_Fundacja_RGB-1536x815.png 1536w, https:\/\/fundacjaleonardo.pl\/wp-content\/uploads\/2023\/09\/Leonardo_Fundacja_RGB-2048x1086.png 2048w\" sizes=\"(max-width: 1024px) 100vw, 1024px\" \/>\t\t\t\t\t\t\t\t\t\t\t\t\t<\/div>\n\t\t\t\t<\/div>\n\t\t\t\t\t<\/div>\n\t\t<\/div>\n\t\t\t\t\t<\/div>\n\t\t<\/section>\n\t\t\t\t<section class=\"elementor-section elementor-top-section elementor-element elementor-element-c71d001 elementor-section-boxed elementor-section-height-default elementor-section-height-default\" data-id=\"c71d001\" data-element_type=\"section\">\n\t\t\t\t\t\t<div class=\"elementor-container elementor-column-gap-default\">\n\t\t\t\t\t<div class=\"elementor-column elementor-col-100 elementor-top-column elementor-element elementor-element-0ef8a73\" data-id=\"0ef8a73\" data-element_type=\"column\">\n\t\t\t<div class=\"elementor-widget-wrap elementor-element-populated\">\n\t\t\t\t\t\t<div class=\"elementor-element elementor-element-6a1360e elementor-widget elementor-widget-text-editor\" data-id=\"6a1360e\" data-element_type=\"widget\" data-widget_type=\"text-editor.default\">\n\t\t\t\t<div class=\"elementor-widget-container\">\n\t\t\t\t\t\t\t<h2 style=\"text-align: center;\">Zosta\u0144 naszym darczy\u0144c\u0105 i wspieraj Fundusz stypendialny oraz projekty Fundacji LEONARDO<\/h2>\t\t\t\t\t\t<\/div>\n\t\t\t\t<\/div>\n\t\t\t\t\t<\/div>\n\t\t<\/div>\n\t\t\t\t\t<\/div>\n\t\t<\/section>\n\t\t\t\t<\/div>\n\t\t","protected":false},"excerpt":{"rendered":"<p>Zosta\u0144 naszym darczy\u0144c\u0105 i wspieraj Fundusz stypendialny oraz projekty Fundacji LEONARDO<\/p>\n","protected":false},"author":1,"featured_media":0,"parent":0,"menu_order":0,"comment_status":"closed","ping_status":"closed","template":"","meta":{"site-sidebar-layout":"no-sidebar","site-content-layout":"","ast-site-content-layout":"full-width-container","site-content-style":"default","site-sidebar-style":"default","ast-global-header-display":"","ast-banner-title-visibility":"","ast-main-header-display":"","ast-hfb-above-header-display":"","ast-hfb-below-header-display":"","ast-hfb-mobile-header-display":"","site-post-title":"disabled","ast-breadcrumbs-content":"","ast-featured-img":"disabled","footer-sml-layout":"","theme-transparent-header-meta":"","adv-header-id-meta":"","stick-header-meta":"","header-above-stick-meta":"","header-main-stick-meta":"","header-below-stick-meta":"","astra-migrate-meta-layouts":"default","ast-page-background-enabled":"default","ast-page-background-meta":{"desktop":{"background-color":"var(--ast-global-color-4)","background-image":"","background-repeat":"repeat","background-position":"center center","background-size":"auto","background-attachment":"scroll","background-type":"","background-media":"","overlay-type":"","overlay-color":"","overlay-opacity":"","overlay-gradient":""},"tablet":{"background-color":"","background-image":"","background-repeat":"repeat","background-position":"center center","background-size":"auto","background-attachment":"scroll","background-type":"","background-media":"","overlay-type":"","overlay-color":"","overlay-opacity":"","overlay-gradient":""},"mobile":{"background-color":"","background-image":"","background-repeat":"repeat","background-position":"center center","background-size":"auto","background-attachment":"scroll","background-type":"","background-media":"","overlay-type":"","overlay-color":"","overlay-opacity":"","overlay-gradient":""}},"ast-content-background-meta":{"desktop":{"background-color":"var(--ast-global-color-5)","background-image":"","background-repeat":"repeat","background-position":"center center","background-size":"auto","background-attachment":"scroll","background-type":"","background-media":"","overlay-type":"","overlay-color":"","overlay-opacity":"","overlay-gradient":""},"tablet":{"background-color":"var(--ast-global-color-5)","background-image":"","background-repeat":"repeat","background-position":"center center","background-size":"auto","background-attachment":"scroll","background-type":"","background-media":"","overlay-type":"","overlay-color":"","overlay-opacity":"","overlay-gradient":""},"mobile":{"background-color":"var(--ast-global-color-5)","background-image":"","background-repeat":"repeat","background-position":"center center","background-size":"auto","background-attachment":"scroll","background-type":"","background-media":"","overlay-type":"","overlay-color":"","overlay-opacity":"","overlay-gradient":""}},"footnotes":""},"class_list":["post-91","page","type-page","status-publish","hentry"],"_links":{"self":[{"href":"https:\/\/fundacjaleonardo.pl\/index.php?rest_route=\/wp\/v2\/pages\/91","targetHints":{"allow":["GET"]}}],"collection":[{"href":"https:\/\/fundacjaleonardo.pl\/index.php?rest_route=\/wp\/v2\/pages"}],"about":[{"href":"https:\/\/fundacjaleonardo.pl\/index.php?rest_route=\/wp\/v2\/types\/page"}],"author":[{"embeddable":true,"href":"https:\/\/fundacjaleonardo.pl\/index.php?rest_route=\/wp\/v2\/users\/1"}],"replies":[{"embeddable":true,"href":"https:\/\/fundacjaleonardo.pl\/index.php?rest_route=%2Fwp%2Fv2%2Fcomments&post=91"}],"version-history":[{"count":11,"href":"https:\/\/fundacjaleonardo.pl\/index.php?rest_route=\/wp\/v2\/pages\/91\/revisions"}],"predecessor-version":[{"id":285,"href":"https:\/\/fundacjaleonardo.pl\/index.php?rest_route=\/wp\/v2\/pages\/91\/revisions\/285"}],"wp:attachment":[{"href":"https:\/\/fundacjaleonardo.pl\/index.php?rest_route=%2Fwp%2Fv2%2Fmedia&parent=91"}],"curies":[{"name":"wp","href":"https:\/\/api.w.org\/{rel}","templated":true}]}}